{"id":5540,"date":"2024-10-22T21:57:59","date_gmt":"2024-10-22T21:57:59","guid":{"rendered":"https:\/\/konak-bakery.de\/?post_type=product&#038;p=5540"},"modified":"2024-10-22T22:08:42","modified_gmt":"2024-10-22T22:08:42","slug":"fladenbrot","status":"publish","type":"product","link":"https:\/\/konak-bakery.de\/tr\/urun\/fladenbrot\/","title":{"rendered":"Fladenbrot"},"content":{"rendered":"<table width=\"187\">\n<tbody>\n<tr>\n<td style=\"font-weight: 400;\" width=\"187\">Weizenmehl, Wasser, Hefe, Backmittel, Salz, Susam<\/td>\n<\/tr>\n<\/tbody>\n<\/table>","protected":false},"excerpt":{"rendered":"<table width=\"68\">\n<tbody>\n<tr>\n<td style=\"font-weight: 400;\" width=\"68\">Regal<\/td>\n<\/tr>\n<\/tbody>\n<\/table>\n<table width=\"76\">\n<tbody>\n<tr>\n<td style=\"font-weight: 400;\" width=\"76\">A,F,K<\/td>\n<\/tr>\n<\/tbody>\n<\/table>\n<table width=\"187\">\n<tbody>\n<tr>\n<td style=\"font-weight: 400;\" width=\"187\">Weizenmehl, Wasser, Hefe, Backmittel, Salz, Susam<\/td>\n<\/tr>\n<\/tbody>\n<\/table>","protected":false},"featured_media":5544,"comment_status":"open","ping_status":"closed","template":"","meta":[],"product_brand":[],"product_cat":[15],"product_tag":[],"class_list":{"0":"post-5540","1":"product","2":"type-product","3":"status-publish","4":"has-post-thumbnail","6":"product_cat-uncategorized","8":"first","9":"instock","10":"sale","11":"taxable","12":"shipping-taxable","13":"purchasable","14":"product-type-simple"},"yoast_head":"<!-- This site is optimized with the Yoast SEO plugin v27.4 - https:\/\/yoast.com\/product\/yoast-seo-wordpress\/ -->\n<title>Fladenbrot - Konak Bakery \/ E-Backwaren GmbH<\/title>\n<meta name=\"robots\" content=\"index, follow, max-snippet:-1, max-image-preview:large, max-video-preview:-1\" \/>\n<link rel=\"canonical\" href=\"http:\/\/konak-bakery.de\/tr\/produit\/fladenbrot\/\" \/>\n<meta property=\"og:locale\" content=\"tr_TR\" \/>\n<meta property=\"og:type\" content=\"article\" \/>\n<meta property=\"og:title\" content=\"Fladenbrot - Konak Bakery \/ E-Backwaren GmbH\" \/>\n<meta property=\"og:description\" content=\"Regal       A,F,K       Weizenmehl, Wasser, Hefe, Backmittel, Salz, Sesam\" \/>\n<meta property=\"og:url\" content=\"http:\/\/konak-bakery.de\/tr\/produit\/fladenbrot\/\" \/>\n<meta property=\"og:site_name\" content=\"Konak Bakery \/ E-Backwaren GmbH\" \/>\n<meta property=\"article:publisher\" content=\"https:\/\/www.facebook.com\/Konak.Bakery\" \/>\n<meta property=\"article:modified_time\" content=\"2024-10-22T22:08:42+00:00\" \/>\n<meta property=\"og:image\" content=\"http:\/\/konak-bakery.de\/wp-content\/uploads\/2024\/10\/Screen-Shot-2024-10-23-at-01.08.20.png\" \/>\n\t<meta property=\"og:image:width\" content=\"84\" \/>\n\t<meta property=\"og:image:height\" content=\"66\" \/>\n\t<meta property=\"og:image:type\" content=\"image\/png\" \/>\n<meta name=\"twitter:card\" content=\"summary_large_image\" \/>\n<meta name=\"twitter:label1\" content=\"Tahmini okuma s\u00fcresi\" \/>\n\t<meta name=\"twitter:data1\" content=\"1 dakika\" \/>\n<script type=\"application\/ld+json\" class=\"yoast-schema-graph\">{\"@context\":\"https:\\\/\\\/schema.org\",\"@graph\":[{\"@type\":\"WebPage\",\"@id\":\"http:\\\/\\\/konak-bakery.de\\\/fr\\\/produit\\\/fladenbrot\\\/\",\"url\":\"http:\\\/\\\/konak-bakery.de\\\/fr\\\/produit\\\/fladenbrot\\\/\",\"name\":\"Fladenbrot - Konak Bakery \\\/ E-Backwaren GmbH\",\"isPartOf\":{\"@id\":\"http:\\\/\\\/konak-bakery.de\\\/fr\\\/#website\"},\"primaryImageOfPage\":{\"@id\":\"http:\\\/\\\/konak-bakery.de\\\/fr\\\/produit\\\/fladenbrot\\\/#primaryimage\"},\"image\":{\"@id\":\"http:\\\/\\\/konak-bakery.de\\\/fr\\\/produit\\\/fladenbrot\\\/#primaryimage\"},\"thumbnailUrl\":\"https:\\\/\\\/konak-bakery.de\\\/wp-content\\\/uploads\\\/2024\\\/10\\\/Screen-Shot-2024-10-23-at-01.08.20.png\",\"datePublished\":\"2024-10-22T21:57:59+00:00\",\"dateModified\":\"2024-10-22T22:08:42+00:00\",\"breadcrumb\":{\"@id\":\"http:\\\/\\\/konak-bakery.de\\\/fr\\\/produit\\\/fladenbrot\\\/#breadcrumb\"},\"inLanguage\":\"tr\",\"potentialAction\":[{\"@type\":\"ReadAction\",\"target\":[\"http:\\\/\\\/konak-bakery.de\\\/fr\\\/produit\\\/fladenbrot\\\/\"]}]},{\"@type\":\"ImageObject\",\"inLanguage\":\"tr\",\"@id\":\"http:\\\/\\\/konak-bakery.de\\\/fr\\\/produit\\\/fladenbrot\\\/#primaryimage\",\"url\":\"https:\\\/\\\/konak-bakery.de\\\/wp-content\\\/uploads\\\/2024\\\/10\\\/Screen-Shot-2024-10-23-at-01.08.20.png\",\"contentUrl\":\"https:\\\/\\\/konak-bakery.de\\\/wp-content\\\/uploads\\\/2024\\\/10\\\/Screen-Shot-2024-10-23-at-01.08.20.png\",\"width\":84,\"height\":66},{\"@type\":\"BreadcrumbList\",\"@id\":\"http:\\\/\\\/konak-bakery.de\\\/fr\\\/produit\\\/fladenbrot\\\/#breadcrumb\",\"itemListElement\":[{\"@type\":\"ListItem\",\"position\":1,\"name\":\"Home\",\"item\":\"http:\\\/\\\/konak-bakery.de\\\/fr\\\/\"},{\"@type\":\"ListItem\",\"position\":2,\"name\":\"Shop\",\"item\":\"https:\\\/\\\/konak-bakery.de\\\/fr\\\/shop\\\/\"},{\"@type\":\"ListItem\",\"position\":3,\"name\":\"Fladenbrot\"}]},{\"@type\":\"WebSite\",\"@id\":\"http:\\\/\\\/konak-bakery.de\\\/fr\\\/#website\",\"url\":\"http:\\\/\\\/konak-bakery.de\\\/fr\\\/\",\"name\":\"Konak Bakery\",\"description\":\"T\u00dcRKISCHE BACKWAREN\",\"publisher\":{\"@id\":\"http:\\\/\\\/konak-bakery.de\\\/fr\\\/#organization\"},\"alternateName\":\"T\u00dcRKISCHE BACKWAREN\",\"potentialAction\":[{\"@type\":\"SearchAction\",\"target\":{\"@type\":\"EntryPoint\",\"urlTemplate\":\"http:\\\/\\\/konak-bakery.de\\\/fr\\\/?s={search_term_string}\"},\"query-input\":{\"@type\":\"PropertyValueSpecification\",\"valueRequired\":true,\"valueName\":\"search_term_string\"}}],\"inLanguage\":\"tr\"},{\"@type\":\"Organization\",\"@id\":\"http:\\\/\\\/konak-bakery.de\\\/fr\\\/#organization\",\"name\":\"Konak Bakery\",\"url\":\"http:\\\/\\\/konak-bakery.de\\\/fr\\\/\",\"logo\":{\"@type\":\"ImageObject\",\"inLanguage\":\"tr\",\"@id\":\"http:\\\/\\\/konak-bakery.de\\\/fr\\\/#\\\/schema\\\/logo\\\/image\\\/\",\"url\":\"https:\\\/\\\/konak-bakery.de\\\/wp-content\\\/uploads\\\/2023\\\/09\\\/Color-logo-with-background.png\",\"contentUrl\":\"https:\\\/\\\/konak-bakery.de\\\/wp-content\\\/uploads\\\/2023\\\/09\\\/Color-logo-with-background.png\",\"width\":2485,\"height\":3185,\"caption\":\"Konak Bakery\"},\"image\":{\"@id\":\"http:\\\/\\\/konak-bakery.de\\\/fr\\\/#\\\/schema\\\/logo\\\/image\\\/\"},\"sameAs\":[\"https:\\\/\\\/www.facebook.com\\\/Konak.Bakery\",\"https:\\\/\\\/www.instagram.com\\\/konakbakery\\\/\"]}]}<\/script>\n<!-- \/ Yoast SEO plugin. -->","yoast_head_json":{"title":"Fladenbrot - Konak Bakery \/ E-Backwaren GmbH","robots":{"index":"index","follow":"follow","max-snippet":"max-snippet:-1","max-image-preview":"max-image-preview:large","max-video-preview":"max-video-preview:-1"},"canonical":"http:\/\/konak-bakery.de\/tr\/produit\/fladenbrot\/","og_locale":"tr_TR","og_type":"article","og_title":"Fladenbrot - Konak Bakery \/ E-Backwaren GmbH","og_description":"Regal       A,F,K       Weizenmehl, Wasser, Hefe, Backmittel, Salz, Sesam","og_url":"http:\/\/konak-bakery.de\/tr\/produit\/fladenbrot\/","og_site_name":"Konak Bakery \/ E-Backwaren GmbH","article_publisher":"https:\/\/www.facebook.com\/Konak.Bakery","article_modified_time":"2024-10-22T22:08:42+00:00","og_image":[{"width":84,"height":66,"url":"http:\/\/konak-bakery.de\/wp-content\/uploads\/2024\/10\/Screen-Shot-2024-10-23-at-01.08.20.png","type":"image\/png"}],"twitter_card":"summary_large_image","twitter_misc":{"Tahmini okuma s\u00fcresi":"1 dakika"},"schema":{"@context":"https:\/\/schema.org","@graph":[{"@type":"WebPage","@id":"http:\/\/konak-bakery.de\/fr\/produit\/fladenbrot\/","url":"http:\/\/konak-bakery.de\/fr\/produit\/fladenbrot\/","name":"Fladenbrot - Konak Bakery \/ E-Backwaren GmbH","isPartOf":{"@id":"http:\/\/konak-bakery.de\/fr\/#website"},"primaryImageOfPage":{"@id":"http:\/\/konak-bakery.de\/fr\/produit\/fladenbrot\/#primaryimage"},"image":{"@id":"http:\/\/konak-bakery.de\/fr\/produit\/fladenbrot\/#primaryimage"},"thumbnailUrl":"https:\/\/konak-bakery.de\/wp-content\/uploads\/2024\/10\/Screen-Shot-2024-10-23-at-01.08.20.png","datePublished":"2024-10-22T21:57:59+00:00","dateModified":"2024-10-22T22:08:42+00:00","breadcrumb":{"@id":"http:\/\/konak-bakery.de\/fr\/produit\/fladenbrot\/#breadcrumb"},"inLanguage":"tr","potentialAction":[{"@type":"ReadAction","target":["http:\/\/konak-bakery.de\/fr\/produit\/fladenbrot\/"]}]},{"@type":"ImageObject","inLanguage":"tr","@id":"http:\/\/konak-bakery.de\/fr\/produit\/fladenbrot\/#primaryimage","url":"https:\/\/konak-bakery.de\/wp-content\/uploads\/2024\/10\/Screen-Shot-2024-10-23-at-01.08.20.png","contentUrl":"https:\/\/konak-bakery.de\/wp-content\/uploads\/2024\/10\/Screen-Shot-2024-10-23-at-01.08.20.png","width":84,"height":66},{"@type":"BreadcrumbList","@id":"http:\/\/konak-bakery.de\/fr\/produit\/fladenbrot\/#breadcrumb","itemListElement":[{"@type":"ListItem","position":1,"name":"Home","item":"http:\/\/konak-bakery.de\/fr\/"},{"@type":"ListItem","position":2,"name":"Shop","item":"https:\/\/konak-bakery.de\/fr\/shop\/"},{"@type":"ListItem","position":3,"name":"Fladenbrot"}]},{"@type":"WebSite","@id":"http:\/\/konak-bakery.de\/fr\/#website","url":"http:\/\/konak-bakery.de\/fr\/","name":"Konak F\u0131r\u0131n","description":"T\u00dcRK ARKA DUVARLARI","publisher":{"@id":"http:\/\/konak-bakery.de\/fr\/#organization"},"alternateName":"T\u00dcRKISCHE BACKWAREN","potentialAction":[{"@type":"SearchAction","target":{"@type":"EntryPoint","urlTemplate":"http:\/\/konak-bakery.de\/fr\/?s={search_term_string}"},"query-input":{"@type":"PropertyValueSpecification","valueRequired":true,"valueName":"search_term_string"}}],"inLanguage":"tr"},{"@type":"Organization","@id":"http:\/\/konak-bakery.de\/fr\/#organization","name":"Konak F\u0131r\u0131n","url":"http:\/\/konak-bakery.de\/fr\/","logo":{"@type":"ImageObject","inLanguage":"tr","@id":"http:\/\/konak-bakery.de\/fr\/#\/schema\/logo\/image\/","url":"https:\/\/konak-bakery.de\/wp-content\/uploads\/2023\/09\/Color-logo-with-background.png","contentUrl":"https:\/\/konak-bakery.de\/wp-content\/uploads\/2023\/09\/Color-logo-with-background.png","width":2485,"height":3185,"caption":"Konak Bakery"},"image":{"@id":"http:\/\/konak-bakery.de\/fr\/#\/schema\/logo\/image\/"},"sameAs":["https:\/\/www.facebook.com\/Konak.Bakery","https:\/\/www.instagram.com\/konakbakery\/"]}]}},"jetpack_sharing_enabled":true,"_links":{"self":[{"href":"https:\/\/konak-bakery.de\/tr\/wp-json\/wp\/v2\/product\/5540","targetHints":{"allow":["GET"]}}],"collection":[{"href":"https:\/\/konak-bakery.de\/tr\/wp-json\/wp\/v2\/product"}],"about":[{"href":"https:\/\/konak-bakery.de\/tr\/wp-json\/wp\/v2\/types\/product"}],"replies":[{"embeddable":true,"href":"https:\/\/konak-bakery.de\/tr\/wp-json\/wp\/v2\/comments?post=5540"}],"wp:featuredmedia":[{"embeddable":true,"href":"https:\/\/konak-bakery.de\/tr\/wp-json\/wp\/v2\/media\/5544"}],"wp:attachment":[{"href":"https:\/\/konak-bakery.de\/tr\/wp-json\/wp\/v2\/media?parent=5540"}],"wp:term":[{"taxonomy":"product_brand","embeddable":true,"href":"https:\/\/konak-bakery.de\/tr\/wp-json\/wp\/v2\/product_brand?post=5540"},{"taxonomy":"product_cat","embeddable":true,"href":"https:\/\/konak-bakery.de\/tr\/wp-json\/wp\/v2\/product_cat?post=5540"},{"taxonomy":"product_tag","embeddable":true,"href":"https:\/\/konak-bakery.de\/tr\/wp-json\/wp\/v2\/product_tag?post=5540"}],"curies":[{"name":"wp","href":"https:\/\/api.w.org\/{rel}","templated":true}]}}