{"id":5538,"date":"2024-10-22T21:53:22","date_gmt":"2024-10-22T21:53:22","guid":{"rendered":"https:\/\/konak-bakery.de\/?post_type=product&#038;p=5538"},"modified":"2024-10-22T21:57:29","modified_gmt":"2024-10-22T21:57:29","slug":"jagerbrot","status":"publish","type":"product","link":"https:\/\/konak-bakery.de\/tr\/urun\/jagerbrot\/","title":{"rendered":"J\u00e4gerbrot"},"content":{"rendered":"<table width=\"68\">\n<tbody>\n<tr>\n<td style=\"font-weight: 400;\" width=\"68\">Regal<\/td>\n<\/tr>\n<\/tbody>\n<\/table>","protected":false},"excerpt":{"rendered":"<table width=\"68\">\n<tbody>\n<tr>\n<td style=\"font-weight: 400;\" width=\"68\">Regal<\/td>\n<\/tr>\n<\/tbody>\n<\/table>\n<p>&nbsp;<\/p>","protected":false},"featured_media":5539,"comment_status":"open","ping_status":"closed","template":"","meta":[],"product_brand":[],"product_cat":[15],"product_tag":[],"class_list":{"0":"post-5538","1":"product","2":"type-product","3":"status-publish","4":"has-post-thumbnail","6":"product_cat-uncategorized","8":"first","9":"instock","10":"sale","11":"taxable","12":"shipping-taxable","13":"purchasable","14":"product-type-simple"},"yoast_head":"<!-- This site is optimized with the Yoast SEO plugin v27.4 - https:\/\/yoast.com\/product\/yoast-seo-wordpress\/ -->\n<title>J\u00e4gerbrot - Konak Bakery \/ E-Backwaren GmbH<\/title>\n<meta name=\"robots\" content=\"index, follow, max-snippet:-1, max-image-preview:large, max-video-preview:-1\" \/>\n<link rel=\"canonical\" href=\"https:\/\/konak-bakery.de\/tr\/produkt\/jagerbrot\/\" \/>\n<meta property=\"og:locale\" content=\"tr_TR\" \/>\n<meta property=\"og:type\" content=\"article\" \/>\n<meta property=\"og:title\" content=\"J\u00e4gerbrot - Konak Bakery \/ E-Backwaren GmbH\" \/>\n<meta property=\"og:description\" content=\"Regal    &nbsp;\" \/>\n<meta property=\"og:url\" content=\"https:\/\/konak-bakery.de\/tr\/produkt\/jagerbrot\/\" \/>\n<meta property=\"og:site_name\" content=\"Konak Bakery \/ E-Backwaren GmbH\" \/>\n<meta property=\"article:publisher\" content=\"https:\/\/www.facebook.com\/Konak.Bakery\" \/>\n<meta property=\"article:modified_time\" content=\"2024-10-22T21:57:29+00:00\" \/>\n<meta property=\"og:image\" content=\"https:\/\/konak-bakery.de\/wp-content\/uploads\/2024\/10\/Krustenbrot-1002-300x300-1.jpeg\" \/>\n\t<meta property=\"og:image:width\" content=\"300\" \/>\n\t<meta property=\"og:image:height\" content=\"300\" \/>\n\t<meta property=\"og:image:type\" content=\"image\/jpeg\" \/>\n<meta name=\"twitter:card\" content=\"summary_large_image\" \/>\n<meta name=\"twitter:label1\" content=\"Tahmini okuma s\u00fcresi\" \/>\n\t<meta name=\"twitter:data1\" content=\"1 dakika\" \/>\n<script type=\"application\/ld+json\" class=\"yoast-schema-graph\">{\"@context\":\"https:\\\/\\\/schema.org\",\"@graph\":[{\"@type\":\"WebPage\",\"@id\":\"https:\\\/\\\/konak-bakery.de\\\/de\\\/produkt\\\/jagerbrot\\\/\",\"url\":\"https:\\\/\\\/konak-bakery.de\\\/de\\\/produkt\\\/jagerbrot\\\/\",\"name\":\"J\u00e4gerbrot - Konak Bakery \\\/ E-Backwaren GmbH\",\"isPartOf\":{\"@id\":\"http:\\\/\\\/konak-bakery.de\\\/#website\"},\"primaryImageOfPage\":{\"@id\":\"https:\\\/\\\/konak-bakery.de\\\/de\\\/produkt\\\/jagerbrot\\\/#primaryimage\"},\"image\":{\"@id\":\"https:\\\/\\\/konak-bakery.de\\\/de\\\/produkt\\\/jagerbrot\\\/#primaryimage\"},\"thumbnailUrl\":\"https:\\\/\\\/konak-bakery.de\\\/wp-content\\\/uploads\\\/2024\\\/10\\\/Krustenbrot-1002-300x300-1.jpeg\",\"datePublished\":\"2024-10-22T21:53:22+00:00\",\"dateModified\":\"2024-10-22T21:57:29+00:00\",\"breadcrumb\":{\"@id\":\"https:\\\/\\\/konak-bakery.de\\\/de\\\/produkt\\\/jagerbrot\\\/#breadcrumb\"},\"inLanguage\":\"tr\",\"potentialAction\":[{\"@type\":\"ReadAction\",\"target\":[\"https:\\\/\\\/konak-bakery.de\\\/de\\\/produkt\\\/jagerbrot\\\/\"]}]},{\"@type\":\"ImageObject\",\"inLanguage\":\"tr\",\"@id\":\"https:\\\/\\\/konak-bakery.de\\\/de\\\/produkt\\\/jagerbrot\\\/#primaryimage\",\"url\":\"https:\\\/\\\/konak-bakery.de\\\/wp-content\\\/uploads\\\/2024\\\/10\\\/Krustenbrot-1002-300x300-1.jpeg\",\"contentUrl\":\"https:\\\/\\\/konak-bakery.de\\\/wp-content\\\/uploads\\\/2024\\\/10\\\/Krustenbrot-1002-300x300-1.jpeg\",\"width\":300,\"height\":300,\"caption\":\"Produktfotografie\"},{\"@type\":\"BreadcrumbList\",\"@id\":\"https:\\\/\\\/konak-bakery.de\\\/de\\\/produkt\\\/jagerbrot\\\/#breadcrumb\",\"itemListElement\":[{\"@type\":\"ListItem\",\"position\":1,\"name\":\"Home\",\"item\":\"https:\\\/\\\/konak-bakery.de\\\/fr\\\/\"},{\"@type\":\"ListItem\",\"position\":2,\"name\":\"Shop\",\"item\":\"http:\\\/\\\/konak-bakery.de\\\/fr\\\/shop\\\/\"},{\"@type\":\"ListItem\",\"position\":3,\"name\":\"J\u00e4gerbrot\"}]},{\"@type\":\"WebSite\",\"@id\":\"http:\\\/\\\/konak-bakery.de\\\/#website\",\"url\":\"http:\\\/\\\/konak-bakery.de\\\/\",\"name\":\"Konak Bakery\",\"description\":\"T\u00dcRKISCHE BACKWAREN\",\"publisher\":{\"@id\":\"http:\\\/\\\/konak-bakery.de\\\/#organization\"},\"alternateName\":\"T\u00dcRKISCHE BACKWAREN\",\"potentialAction\":[{\"@type\":\"SearchAction\",\"target\":{\"@type\":\"EntryPoint\",\"urlTemplate\":\"http:\\\/\\\/konak-bakery.de\\\/?s={search_term_string}\"},\"query-input\":{\"@type\":\"PropertyValueSpecification\",\"valueRequired\":true,\"valueName\":\"search_term_string\"}}],\"inLanguage\":\"tr\"},{\"@type\":\"Organization\",\"@id\":\"http:\\\/\\\/konak-bakery.de\\\/#organization\",\"name\":\"Konak Bakery\",\"url\":\"http:\\\/\\\/konak-bakery.de\\\/\",\"logo\":{\"@type\":\"ImageObject\",\"inLanguage\":\"tr\",\"@id\":\"http:\\\/\\\/konak-bakery.de\\\/#\\\/schema\\\/logo\\\/image\\\/\",\"url\":\"https:\\\/\\\/konak-bakery.de\\\/wp-content\\\/uploads\\\/2023\\\/09\\\/Color-logo-with-background.png\",\"contentUrl\":\"https:\\\/\\\/konak-bakery.de\\\/wp-content\\\/uploads\\\/2023\\\/09\\\/Color-logo-with-background.png\",\"width\":2485,\"height\":3185,\"caption\":\"Konak Bakery\"},\"image\":{\"@id\":\"http:\\\/\\\/konak-bakery.de\\\/#\\\/schema\\\/logo\\\/image\\\/\"},\"sameAs\":[\"https:\\\/\\\/www.facebook.com\\\/Konak.Bakery\",\"https:\\\/\\\/www.instagram.com\\\/konakbakery\\\/\"]}]}<\/script>\n<!-- \/ Yoast SEO plugin. -->","yoast_head_json":{"title":"J\u00e4gerbrot - Konak Bakery \/ E-Backwaren GmbH","robots":{"index":"index","follow":"follow","max-snippet":"max-snippet:-1","max-image-preview":"max-image-preview:large","max-video-preview":"max-video-preview:-1"},"canonical":"https:\/\/konak-bakery.de\/tr\/produkt\/jagerbrot\/","og_locale":"tr_TR","og_type":"article","og_title":"J\u00e4gerbrot - Konak Bakery \/ E-Backwaren GmbH","og_description":"Regal    &nbsp;","og_url":"https:\/\/konak-bakery.de\/tr\/produkt\/jagerbrot\/","og_site_name":"Konak Bakery \/ E-Backwaren GmbH","article_publisher":"https:\/\/www.facebook.com\/Konak.Bakery","article_modified_time":"2024-10-22T21:57:29+00:00","og_image":[{"width":300,"height":300,"url":"https:\/\/konak-bakery.de\/wp-content\/uploads\/2024\/10\/Krustenbrot-1002-300x300-1.jpeg","type":"image\/jpeg"}],"twitter_card":"summary_large_image","twitter_misc":{"Tahmini okuma s\u00fcresi":"1 dakika"},"schema":{"@context":"https:\/\/schema.org","@graph":[{"@type":"WebPage","@id":"https:\/\/konak-bakery.de\/de\/produkt\/jagerbrot\/","url":"https:\/\/konak-bakery.de\/de\/produkt\/jagerbrot\/","name":"J\u00e4gerbrot - Konak Bakery \/ E-Backwaren GmbH","isPartOf":{"@id":"http:\/\/konak-bakery.de\/#website"},"primaryImageOfPage":{"@id":"https:\/\/konak-bakery.de\/de\/produkt\/jagerbrot\/#primaryimage"},"image":{"@id":"https:\/\/konak-bakery.de\/de\/produkt\/jagerbrot\/#primaryimage"},"thumbnailUrl":"https:\/\/konak-bakery.de\/wp-content\/uploads\/2024\/10\/Krustenbrot-1002-300x300-1.jpeg","datePublished":"2024-10-22T21:53:22+00:00","dateModified":"2024-10-22T21:57:29+00:00","breadcrumb":{"@id":"https:\/\/konak-bakery.de\/de\/produkt\/jagerbrot\/#breadcrumb"},"inLanguage":"tr","potentialAction":[{"@type":"ReadAction","target":["https:\/\/konak-bakery.de\/de\/produkt\/jagerbrot\/"]}]},{"@type":"ImageObject","inLanguage":"tr","@id":"https:\/\/konak-bakery.de\/de\/produkt\/jagerbrot\/#primaryimage","url":"https:\/\/konak-bakery.de\/wp-content\/uploads\/2024\/10\/Krustenbrot-1002-300x300-1.jpeg","contentUrl":"https:\/\/konak-bakery.de\/wp-content\/uploads\/2024\/10\/Krustenbrot-1002-300x300-1.jpeg","width":300,"height":300,"caption":"Produktfotografie"},{"@type":"BreadcrumbList","@id":"https:\/\/konak-bakery.de\/de\/produkt\/jagerbrot\/#breadcrumb","itemListElement":[{"@type":"ListItem","position":1,"name":"Home","item":"https:\/\/konak-bakery.de\/fr\/"},{"@type":"ListItem","position":2,"name":"Shop","item":"http:\/\/konak-bakery.de\/fr\/shop\/"},{"@type":"ListItem","position":3,"name":"J\u00e4gerbrot"}]},{"@type":"WebSite","@id":"http:\/\/konak-bakery.de\/#website","url":"http:\/\/konak-bakery.de\/","name":"Konak F\u0131r\u0131n","description":"T\u00dcRK ARKA DUVARLARI","publisher":{"@id":"http:\/\/konak-bakery.de\/#organization"},"alternateName":"T\u00dcRKISCHE BACKWAREN","potentialAction":[{"@type":"SearchAction","target":{"@type":"EntryPoint","urlTemplate":"http:\/\/konak-bakery.de\/?s={search_term_string}"},"query-input":{"@type":"PropertyValueSpecification","valueRequired":true,"valueName":"search_term_string"}}],"inLanguage":"tr"},{"@type":"Organization","@id":"http:\/\/konak-bakery.de\/#organization","name":"Konak F\u0131r\u0131n","url":"http:\/\/konak-bakery.de\/","logo":{"@type":"ImageObject","inLanguage":"tr","@id":"http:\/\/konak-bakery.de\/#\/schema\/logo\/image\/","url":"https:\/\/konak-bakery.de\/wp-content\/uploads\/2023\/09\/Color-logo-with-background.png","contentUrl":"https:\/\/konak-bakery.de\/wp-content\/uploads\/2023\/09\/Color-logo-with-background.png","width":2485,"height":3185,"caption":"Konak Bakery"},"image":{"@id":"http:\/\/konak-bakery.de\/#\/schema\/logo\/image\/"},"sameAs":["https:\/\/www.facebook.com\/Konak.Bakery","https:\/\/www.instagram.com\/konakbakery\/"]}]}},"jetpack_sharing_enabled":true,"_links":{"self":[{"href":"https:\/\/konak-bakery.de\/tr\/wp-json\/wp\/v2\/product\/5538","targetHints":{"allow":["GET"]}}],"collection":[{"href":"https:\/\/konak-bakery.de\/tr\/wp-json\/wp\/v2\/product"}],"about":[{"href":"https:\/\/konak-bakery.de\/tr\/wp-json\/wp\/v2\/types\/product"}],"replies":[{"embeddable":true,"href":"https:\/\/konak-bakery.de\/tr\/wp-json\/wp\/v2\/comments?post=5538"}],"wp:featuredmedia":[{"embeddable":true,"href":"https:\/\/konak-bakery.de\/tr\/wp-json\/wp\/v2\/media\/5539"}],"wp:attachment":[{"href":"https:\/\/konak-bakery.de\/tr\/wp-json\/wp\/v2\/media?parent=5538"}],"wp:term":[{"taxonomy":"product_brand","embeddable":true,"href":"https:\/\/konak-bakery.de\/tr\/wp-json\/wp\/v2\/product_brand?post=5538"},{"taxonomy":"product_cat","embeddable":true,"href":"https:\/\/konak-bakery.de\/tr\/wp-json\/wp\/v2\/product_cat?post=5538"},{"taxonomy":"product_tag","embeddable":true,"href":"https:\/\/konak-bakery.de\/tr\/wp-json\/wp\/v2\/product_tag?post=5538"}],"curies":[{"name":"wp","href":"https:\/\/api.w.org\/{rel}","templated":true}]}}