{"id":5583,"date":"2024-10-22T23:34:51","date_gmt":"2024-10-22T23:34:51","guid":{"rendered":"https:\/\/konak-bakery.de\/?post_type=product&#038;p=5583"},"modified":"2026-02-10T21:57:38","modified_gmt":"2026-02-10T21:57:38","slug":"napolizza-mediterrana-olivenmix","status":"publish","type":"product","link":"https:\/\/konak-bakery.de\/fr\/produit\/napolizza-mediterrana-olivenmix\/","title":{"rendered":"Napolizza MEDITERRANA (Olivenmix)"},"content":{"rendered":"<div class=\"page\" title=\"Page 3\">\n<div class=\"section\">\n<div class=\"layoutArea\">\n<div class=\"column\">\n<div class=\"page\" title=\"Page 3\">\n<div class=\"section\">\n<div class=\"layoutArea\">\n<div class=\"column\">\n<div class=\"page\" title=\"Page 3\">\n<div class=\"section\">\n<div class=\"layoutArea\">\n<div class=\"column\">\n<div class=\"page\" title=\"Page 3\">\n<div class=\"section\">\n<div class=\"layoutArea\">\n<div class=\"column\">\n<div class=\"page\" title=\"Page 3\">\n<div class=\"section\">\n<div class=\"layoutArea\">\n<div class=\"column\">\n<div class=\"page\" title=\"Page 3\">\n<div class=\"section\">\n<div class=\"layoutArea\">\n<div class=\"column\">\n<div class=\"page\" title=\"Page 4\">\n<div class=\"section\">\n<div class=\"layoutArea\">\n<div class=\"column\">\n<div class=\"page\" title=\"Page 4\">\n<div class=\"section\">\n<div class=\"layoutArea\">\n<div class=\"column\">\n<div class=\"page\" title=\"Page 4\">\n<div class=\"section\">\n<div class=\"layoutArea\">\n<div class=\"column\">\n<div class=\"page\" title=\"Page 4\">\n<div class=\"section\">\n<div class=\"layoutArea\">\n<div class=\"column\">\n<div class=\"page\" title=\"Page 4\">\n<div class=\"section\">\n<div class=\"layoutArea\">\n<div class=\"column\">\n<div class=\"page\" title=\"Page 4\">\n<div class=\"section\">\n<div class=\"layoutArea\">\n<div class=\"column\">\n<div class=\"page\" title=\"Page 4\">\n<div class=\"section\">\n<div class=\"layoutArea\">\n<div class=\"column\">\n<div class=\"page\" title=\"Page 4\">\n<div class=\"section\">\n<div class=\"layoutArea\">\n<div class=\"column\">\n<div class=\"page\" title=\"Page 5\">\n<div class=\"section\">\n<div class=\"layoutArea\">\n<div class=\"column\">\n<p>WEIZENMEHL, Wasser, Mozzarella K\u00e4se, Tomatensauce (Tomaten, Thymian, Basilikum, Oliven\u00f6l, Zucker, Salz), schwarze Oliven (schwarze Oliven, Salz, Konservierungsstoff Kalciumsorbat), gr\u00fcne Oliven (gr\u00fcne Oliven, Wasser, Salz, Zitrone, Citronens\u00e4ure, Konservierungsstoff Kalciumsorbat), rote Zwiebel, gr\u00fcne Zwiebel, Tomate, Salz, Oliven\u00f6l, Hefe, wei\u00dfer Pfeffer, Thymian, Honig.<\/p>\n<\/div>\n<\/div>\n<\/div>\n<\/div>\n<\/div>\n<\/div>\n<\/div>\n<\/div>\n<\/div>\n<\/div>\n<\/div>\n<\/div>\n<\/div>\n<\/div>\n<\/div>\n<\/div>\n<\/div>\n<\/div>\n<\/div>\n<\/div>\n<\/div>\n<\/div>\n<\/div>\n<\/div>\n<\/div>\n<\/div>\n<\/div>\n<\/div>\n<\/div>\n<\/div>\n<\/div>\n<\/div>\n<\/div>\n<\/div>\n<\/div>\n<\/div>\n<\/div>\n<\/div>\n<\/div>\n<\/div>\n<\/div>\n<\/div>\n<\/div>\n<\/div>\n<\/div>\n<\/div>\n<\/div>\n<\/div>\n<\/div>\n<\/div>\n<\/div>\n<\/div>\n<\/div>\n<\/div>\n<\/div>\n<\/div>\n<\/div>\n<\/div>\n<\/div>\n<\/div>\n<p>&nbsp;<\/p>","protected":false},"excerpt":{"rendered":"<div class=\"page\" title=\"Page 3\">\n<div class=\"section\">\n<div class=\"layoutArea\">\n<div class=\"column\">\n<div class=\"page\" title=\"Page 3\">\n<div class=\"section\">\n<div class=\"layoutArea\">\n<div class=\"column\">\n<div class=\"page\" title=\"Page 3\">\n<div class=\"section\">\n<div class=\"layoutArea\">\n<div class=\"column\">\n<div class=\"page\" title=\"Page 3\">\n<div class=\"section\">\n<div class=\"layoutArea\">\n<div class=\"column\">\n<div class=\"page\" title=\"Page 4\">\n<div class=\"section\">\n<div class=\"layoutArea\">\n<div class=\"column\">\n<div class=\"page\" title=\"Page 4\">\n<div class=\"section\">\n<div class=\"layoutArea\">\n<div class=\"column\">\n<div class=\"page\" title=\"Page 4\">\n<div class=\"section\">\n<div class=\"layoutArea\">\n<div class=\"column\">\n<div class=\"page\" title=\"Page 4\">\n<div class=\"section\">\n<div class=\"layoutArea\">\n<div class=\"column\">\n<div class=\"page\" title=\"Page 4\">\n<div class=\"section\">\n<div class=\"layoutArea\">\n<div class=\"column\">\n<div class=\"page\" title=\"Page 4\">\n<div class=\"section\">\n<div class=\"layoutArea\">\n<div class=\"column\">\n<div class=\"page\" title=\"Page 4\">\n<div class=\"section\">\n<div class=\"layoutArea\">\n<div class=\"column\">\n<div class=\"page\" title=\"Page 5\">\n<div class=\"section\">\n<div class=\"layoutArea\">\n<div class=\"column\">\n<p>WEIZENMEHL, Wasser, Mozzarella K\u00e4se, Tomatensauce (Tomaten, Thymian, Basilikum, Oliven\u00f6l, Zucker, Salz), schwarze Oliven (schwarze Oliven, Salz, Konservierungsstoff Kalciumsorbat), gr\u00fcne Oliven (gr\u00fcne Oliven, Wasser, Salz, Zitrone, Citronens\u00e4ure, Konservierungsstoff Kalciumsorbat), rote Zwiebel, gr\u00fcne Zwiebel, Tomate, Salz, Oliven\u00f6l, Hefe, wei\u00dfer Pfeffer, Thymian, Honig.<\/p>\n<\/div>\n<\/div>\n<\/div>\n<\/div>\n<\/div>\n<\/div>\n<\/div>\n<\/div>\n<\/div>\n<\/div>\n<\/div>\n<\/div>\n<\/div>\n<\/div>\n<\/div>\n<\/div>\n<\/div>\n<\/div>\n<\/div>\n<\/div>\n<\/div>\n<\/div>\n<\/div>\n<\/div>\n<\/div>\n<\/div>\n<\/div>\n<\/div>\n<\/div>\n<\/div>\n<\/div>\n<\/div>\n<\/div>\n<\/div>\n<\/div>\n<\/div>\n<\/div>\n<\/div>\n<\/div>\n<\/div>\n<\/div>\n<\/div>\n<\/div>\n<\/div>\n<\/div>\n<\/div>\n<\/div>\n<\/div>\n<p>&nbsp;<\/p>","protected":false},"featured_media":5850,"comment_status":"open","ping_status":"closed","template":"","meta":[],"product_brand":[],"product_cat":[15],"product_tag":[],"class_list":{"0":"post-5583","1":"product","2":"type-product","3":"status-publish","4":"has-post-thumbnail","6":"product_cat-uncategorized","8":"first","9":"instock","10":"taxable","11":"shipping-taxable","12":"product-type-simple"},"yoast_head":"<!-- This site is optimized with the Yoast SEO plugin v27.4 - https:\/\/yoast.com\/product\/yoast-seo-wordpress\/ -->\n<title>Napolizza MEDITERRANA (Olivenmix) - Konak Bakery \/ E-Backwaren GmbH<\/title>\n<meta name=\"robots\" content=\"index, follow, max-snippet:-1, max-image-preview:large, max-video-preview:-1\" \/>\n<link rel=\"canonical\" href=\"https:\/\/konak-bakery.de\/fr\/produit\/napolizza-mediterrana-olivenmix\/\" \/>\n<meta property=\"og:locale\" content=\"fr_FR\" \/>\n<meta property=\"og:type\" content=\"article\" \/>\n<meta property=\"og:title\" content=\"Napolizza MEDITERRANA (Olivenmix) - Konak Bakery \/ E-Backwaren GmbH\" \/>\n<meta property=\"og:description\" content=\"WEIZENMEHL, Wasser, Mozzarella Ka\u0308se, Tomatensauce (Tomaten, Thymian, Basilikum, Oliveno\u0308l, Zucker, Salz), schwarze Oliven (schwarze Oliven, Salz, Konservierungsstoff Kalciumsorbat), gru\u0308ne Oliven (gru\u0308ne Oliven, Wasser, Salz, Zitrone, Citronensa\u0308ure, Konservierungsstoff Kalciumsorbat), rote Zwiebel, gru\u0308ne Zwiebel, Tomate, Salz, Oliveno\u0308l, Hefe, wei\u00dfer Pfeffer, Thymian, Honig.                                                  &nbsp;\" \/>\n<meta property=\"og:url\" content=\"https:\/\/konak-bakery.de\/fr\/produit\/napolizza-mediterrana-olivenmix\/\" \/>\n<meta property=\"og:site_name\" content=\"Konak Bakery \/ E-Backwaren GmbH\" \/>\n<meta property=\"article:publisher\" content=\"https:\/\/www.facebook.com\/Konak.Bakery\" \/>\n<meta property=\"article:modified_time\" content=\"2026-02-10T21:57:38+00:00\" \/>\n<meta property=\"og:image\" content=\"https:\/\/konak-bakery.de\/wp-content\/uploads\/2024\/10\/Napolizza-MEDITERRANA.webp\" \/>\n\t<meta property=\"og:image:width\" content=\"1536\" \/>\n\t<meta property=\"og:image:height\" content=\"1024\" \/>\n\t<meta property=\"og:image:type\" content=\"image\/webp\" \/>\n<meta name=\"twitter:card\" content=\"summary_large_image\" \/>\n<meta name=\"twitter:label1\" content=\"Dur\u00e9e de lecture estim\u00e9e\" \/>\n\t<meta name=\"twitter:data1\" content=\"1 minute\" \/>\n<script type=\"application\/ld+json\" class=\"yoast-schema-graph\">{\"@context\":\"https:\\\/\\\/schema.org\",\"@graph\":[{\"@type\":\"WebPage\",\"@id\":\"https:\\\/\\\/konak-bakery.de\\\/fr\\\/produit\\\/napolizza-mediterrana-olivenmix\\\/\",\"url\":\"https:\\\/\\\/konak-bakery.de\\\/fr\\\/produit\\\/napolizza-mediterrana-olivenmix\\\/\",\"name\":\"Napolizza MEDITERRANA (Olivenmix) - Konak Bakery \\\/ E-Backwaren GmbH\",\"isPartOf\":{\"@id\":\"http:\\\/\\\/konak-bakery.de\\\/#website\"},\"primaryImageOfPage\":{\"@id\":\"https:\\\/\\\/konak-bakery.de\\\/fr\\\/produit\\\/napolizza-mediterrana-olivenmix\\\/#primaryimage\"},\"image\":{\"@id\":\"https:\\\/\\\/konak-bakery.de\\\/fr\\\/produit\\\/napolizza-mediterrana-olivenmix\\\/#primaryimage\"},\"thumbnailUrl\":\"https:\\\/\\\/konak-bakery.de\\\/wp-content\\\/uploads\\\/2024\\\/10\\\/Napolizza-MEDITERRANA.webp\",\"datePublished\":\"2024-10-22T23:34:51+00:00\",\"dateModified\":\"2026-02-10T21:57:38+00:00\",\"breadcrumb\":{\"@id\":\"https:\\\/\\\/konak-bakery.de\\\/fr\\\/produit\\\/napolizza-mediterrana-olivenmix\\\/#breadcrumb\"},\"inLanguage\":\"fr-FR\",\"potentialAction\":[{\"@type\":\"ReadAction\",\"target\":[\"https:\\\/\\\/konak-bakery.de\\\/fr\\\/produit\\\/napolizza-mediterrana-olivenmix\\\/\"]}]},{\"@type\":\"ImageObject\",\"inLanguage\":\"fr-FR\",\"@id\":\"https:\\\/\\\/konak-bakery.de\\\/fr\\\/produit\\\/napolizza-mediterrana-olivenmix\\\/#primaryimage\",\"url\":\"https:\\\/\\\/konak-bakery.de\\\/wp-content\\\/uploads\\\/2024\\\/10\\\/Napolizza-MEDITERRANA.webp\",\"contentUrl\":\"https:\\\/\\\/konak-bakery.de\\\/wp-content\\\/uploads\\\/2024\\\/10\\\/Napolizza-MEDITERRANA.webp\",\"width\":1536,\"height\":1024},{\"@type\":\"BreadcrumbList\",\"@id\":\"https:\\\/\\\/konak-bakery.de\\\/fr\\\/produit\\\/napolizza-mediterrana-olivenmix\\\/#breadcrumb\",\"itemListElement\":[{\"@type\":\"ListItem\",\"position\":1,\"name\":\"Home\",\"item\":\"https:\\\/\\\/konak-bakery.de\\\/fr\\\/\"},{\"@type\":\"ListItem\",\"position\":2,\"name\":\"Shop\",\"item\":\"http:\\\/\\\/konak-bakery.de\\\/fr\\\/shop\\\/\"},{\"@type\":\"ListItem\",\"position\":3,\"name\":\"Napolizza MEDITERRANA (Olivenmix)\"}]},{\"@type\":\"WebSite\",\"@id\":\"http:\\\/\\\/konak-bakery.de\\\/#website\",\"url\":\"http:\\\/\\\/konak-bakery.de\\\/\",\"name\":\"Konak Bakery\",\"description\":\"T\u00dcRKISCHE BACKWAREN\",\"publisher\":{\"@id\":\"http:\\\/\\\/konak-bakery.de\\\/#organization\"},\"alternateName\":\"T\u00dcRKISCHE BACKWAREN\",\"potentialAction\":[{\"@type\":\"SearchAction\",\"target\":{\"@type\":\"EntryPoint\",\"urlTemplate\":\"http:\\\/\\\/konak-bakery.de\\\/?s={search_term_string}\"},\"query-input\":{\"@type\":\"PropertyValueSpecification\",\"valueRequired\":true,\"valueName\":\"search_term_string\"}}],\"inLanguage\":\"fr-FR\"},{\"@type\":\"Organization\",\"@id\":\"http:\\\/\\\/konak-bakery.de\\\/#organization\",\"name\":\"Konak Bakery\",\"url\":\"http:\\\/\\\/konak-bakery.de\\\/\",\"logo\":{\"@type\":\"ImageObject\",\"inLanguage\":\"fr-FR\",\"@id\":\"http:\\\/\\\/konak-bakery.de\\\/#\\\/schema\\\/logo\\\/image\\\/\",\"url\":\"https:\\\/\\\/konak-bakery.de\\\/wp-content\\\/uploads\\\/2023\\\/09\\\/Color-logo-with-background.png\",\"contentUrl\":\"https:\\\/\\\/konak-bakery.de\\\/wp-content\\\/uploads\\\/2023\\\/09\\\/Color-logo-with-background.png\",\"width\":2485,\"height\":3185,\"caption\":\"Konak Bakery\"},\"image\":{\"@id\":\"http:\\\/\\\/konak-bakery.de\\\/#\\\/schema\\\/logo\\\/image\\\/\"},\"sameAs\":[\"https:\\\/\\\/www.facebook.com\\\/Konak.Bakery\",\"https:\\\/\\\/www.instagram.com\\\/konakbakery\\\/\"]}]}<\/script>\n<!-- \/ Yoast SEO plugin. -->","yoast_head_json":{"title":"Napolizza MEDITERRANA (Olivenmix) - Konak Bakery \/ E-Backwaren GmbH","robots":{"index":"index","follow":"follow","max-snippet":"max-snippet:-1","max-image-preview":"max-image-preview:large","max-video-preview":"max-video-preview:-1"},"canonical":"https:\/\/konak-bakery.de\/fr\/produit\/napolizza-mediterrana-olivenmix\/","og_locale":"fr_FR","og_type":"article","og_title":"Napolizza MEDITERRANA (Olivenmix) - Konak Bakery \/ E-Backwaren GmbH","og_description":"WEIZENMEHL, Wasser, Mozzarella Ka\u0308se, Tomatensauce (Tomaten, Thymian, Basilikum, Oliveno\u0308l, Zucker, Salz), schwarze Oliven (schwarze Oliven, Salz, Konservierungsstoff Kalciumsorbat), gru\u0308ne Oliven (gru\u0308ne Oliven, Wasser, Salz, Zitrone, Citronensa\u0308ure, Konservierungsstoff Kalciumsorbat), rote Zwiebel, gru\u0308ne Zwiebel, Tomate, Salz, Oliveno\u0308l, Hefe, wei\u00dfer Pfeffer, Thymian, Honig.                                                  &nbsp;","og_url":"https:\/\/konak-bakery.de\/fr\/produit\/napolizza-mediterrana-olivenmix\/","og_site_name":"Konak Bakery \/ E-Backwaren GmbH","article_publisher":"https:\/\/www.facebook.com\/Konak.Bakery","article_modified_time":"2026-02-10T21:57:38+00:00","og_image":[{"width":1536,"height":1024,"url":"https:\/\/konak-bakery.de\/wp-content\/uploads\/2024\/10\/Napolizza-MEDITERRANA.webp","type":"image\/webp"}],"twitter_card":"summary_large_image","twitter_misc":{"Dur\u00e9e de lecture estim\u00e9e":"1 minute"},"schema":{"@context":"https:\/\/schema.org","@graph":[{"@type":"WebPage","@id":"https:\/\/konak-bakery.de\/fr\/produit\/napolizza-mediterrana-olivenmix\/","url":"https:\/\/konak-bakery.de\/fr\/produit\/napolizza-mediterrana-olivenmix\/","name":"Napolizza MEDITERRANA (Olivenmix) - Konak Bakery \/ E-Backwaren GmbH","isPartOf":{"@id":"http:\/\/konak-bakery.de\/#website"},"primaryImageOfPage":{"@id":"https:\/\/konak-bakery.de\/fr\/produit\/napolizza-mediterrana-olivenmix\/#primaryimage"},"image":{"@id":"https:\/\/konak-bakery.de\/fr\/produit\/napolizza-mediterrana-olivenmix\/#primaryimage"},"thumbnailUrl":"https:\/\/konak-bakery.de\/wp-content\/uploads\/2024\/10\/Napolizza-MEDITERRANA.webp","datePublished":"2024-10-22T23:34:51+00:00","dateModified":"2026-02-10T21:57:38+00:00","breadcrumb":{"@id":"https:\/\/konak-bakery.de\/fr\/produit\/napolizza-mediterrana-olivenmix\/#breadcrumb"},"inLanguage":"fr-FR","potentialAction":[{"@type":"ReadAction","target":["https:\/\/konak-bakery.de\/fr\/produit\/napolizza-mediterrana-olivenmix\/"]}]},{"@type":"ImageObject","inLanguage":"fr-FR","@id":"https:\/\/konak-bakery.de\/fr\/produit\/napolizza-mediterrana-olivenmix\/#primaryimage","url":"https:\/\/konak-bakery.de\/wp-content\/uploads\/2024\/10\/Napolizza-MEDITERRANA.webp","contentUrl":"https:\/\/konak-bakery.de\/wp-content\/uploads\/2024\/10\/Napolizza-MEDITERRANA.webp","width":1536,"height":1024},{"@type":"BreadcrumbList","@id":"https:\/\/konak-bakery.de\/fr\/produit\/napolizza-mediterrana-olivenmix\/#breadcrumb","itemListElement":[{"@type":"ListItem","position":1,"name":"Home","item":"https:\/\/konak-bakery.de\/fr\/"},{"@type":"ListItem","position":2,"name":"Shop","item":"http:\/\/konak-bakery.de\/fr\/shop\/"},{"@type":"ListItem","position":3,"name":"Napolizza MEDITERRANA (Olivenmix)"}]},{"@type":"WebSite","@id":"http:\/\/konak-bakery.de\/#website","url":"http:\/\/konak-bakery.de\/","name":"Boulangerie Konak","description":"T\u00dcRKISCHE BACKWAREN","publisher":{"@id":"http:\/\/konak-bakery.de\/#organization"},"alternateName":"T\u00dcRKISCHE BACKWAREN","potentialAction":[{"@type":"SearchAction","target":{"@type":"EntryPoint","urlTemplate":"http:\/\/konak-bakery.de\/?s={search_term_string}"},"query-input":{"@type":"PropertyValueSpecification","valueRequired":true,"valueName":"search_term_string"}}],"inLanguage":"fr-FR"},{"@type":"Organization","@id":"http:\/\/konak-bakery.de\/#organization","name":"Boulangerie Konak","url":"http:\/\/konak-bakery.de\/","logo":{"@type":"ImageObject","inLanguage":"fr-FR","@id":"http:\/\/konak-bakery.de\/#\/schema\/logo\/image\/","url":"https:\/\/konak-bakery.de\/wp-content\/uploads\/2023\/09\/Color-logo-with-background.png","contentUrl":"https:\/\/konak-bakery.de\/wp-content\/uploads\/2023\/09\/Color-logo-with-background.png","width":2485,"height":3185,"caption":"Konak Bakery"},"image":{"@id":"http:\/\/konak-bakery.de\/#\/schema\/logo\/image\/"},"sameAs":["https:\/\/www.facebook.com\/Konak.Bakery","https:\/\/www.instagram.com\/konakbakery\/"]}]}},"jetpack_sharing_enabled":true,"_links":{"self":[{"href":"https:\/\/konak-bakery.de\/fr\/wp-json\/wp\/v2\/product\/5583","targetHints":{"allow":["GET"]}}],"collection":[{"href":"https:\/\/konak-bakery.de\/fr\/wp-json\/wp\/v2\/product"}],"about":[{"href":"https:\/\/konak-bakery.de\/fr\/wp-json\/wp\/v2\/types\/product"}],"replies":[{"embeddable":true,"href":"https:\/\/konak-bakery.de\/fr\/wp-json\/wp\/v2\/comments?post=5583"}],"wp:featuredmedia":[{"embeddable":true,"href":"https:\/\/konak-bakery.de\/fr\/wp-json\/wp\/v2\/media\/5850"}],"wp:attachment":[{"href":"https:\/\/konak-bakery.de\/fr\/wp-json\/wp\/v2\/media?parent=5583"}],"wp:term":[{"taxonomy":"product_brand","embeddable":true,"href":"https:\/\/konak-bakery.de\/fr\/wp-json\/wp\/v2\/product_brand?post=5583"},{"taxonomy":"product_cat","embeddable":true,"href":"https:\/\/konak-bakery.de\/fr\/wp-json\/wp\/v2\/product_cat?post=5583"},{"taxonomy":"product_tag","embeddable":true,"href":"https:\/\/konak-bakery.de\/fr\/wp-json\/wp\/v2\/product_tag?post=5583"}],"curies":[{"name":"wp","href":"https:\/\/api.w.org\/{rel}","templated":true}]}}