{"id":5576,"date":"2024-10-22T23:22:14","date_gmt":"2024-10-22T23:22:14","guid":{"rendered":"https:\/\/konak-bakery.de\/?post_type=product&#038;p=5576"},"modified":"2024-10-22T23:24:27","modified_gmt":"2024-10-22T23:24:27","slug":"simit-sandwich-kase-und-oliven-125g","status":"publish","type":"product","link":"https:\/\/konak-bakery.de\/fr\/produit\/simit-sandwich-kase-und-oliven-125g\/","title":{"rendered":"Simit Sandwich K\u00e4se und Oliven 125g"},"content":{"rendered":"<div class=\"page\" title=\"Page 3\">\n<div class=\"section\">\n<div class=\"layoutArea\">\n<div class=\"column\">\n<div class=\"page\" title=\"Page 3\">\n<div class=\"section\">\n<div class=\"layoutArea\">\n<div class=\"column\">\n<div class=\"page\" title=\"Page 3\">\n<div class=\"section\">\n<div class=\"layoutArea\">\n<div class=\"column\">\n<div class=\"page\" title=\"Page 3\">\n<div class=\"section\">\n<div class=\"layoutArea\">\n<div class=\"column\">\n<div class=\"page\" title=\"Page 3\">\n<div class=\"section\">\n<div class=\"layoutArea\">\n<div class=\"column\">\n<div class=\"page\" title=\"Page 3\">\n<div class=\"section\">\n<div class=\"layoutArea\">\n<div class=\"column\">\n<div class=\"page\" title=\"Page 4\">\n<div class=\"section\">\n<div class=\"layoutArea\">\n<div class=\"column\">\n<div class=\"page\" title=\"Page 4\">\n<div class=\"section\">\n<div class=\"layoutArea\">\n<div class=\"column\">\n<div class=\"page\" title=\"Page 4\">\n<div class=\"section\">\n<div class=\"layoutArea\">\n<div class=\"column\">\n<div class=\"page\" title=\"Page 4\">\n<div class=\"section\">\n<div class=\"layoutArea\">\n<div class=\"column\">\n<p>Eau min\u00e9rale, eau, eau chaude, eau sal\u00e9e, eau v\u00e9g\u00e9tale, eau sucr\u00e9e, eau sal\u00e9e, eau sal\u00e9e, eau sal\u00e9e, eau sal\u00e9e, eau sal\u00e9e, eau sal\u00e9e, eau sal\u00e9e, eau sal\u00e9e, eau sal\u00e9e, eau sal\u00e9e, eau sal\u00e9e, eau sal\u00e9e, eau sal\u00e9e<\/p>\n<\/div>\n<\/div>\n<\/div>\n<\/div>\n<\/div>\n<\/div>\n<\/div>\n<\/div>\n<\/div>\n<\/div>\n<\/div>\n<\/div>\n<\/div>\n<\/div>\n<\/div>\n<\/div>\n<\/div>\n<\/div>\n<\/div>\n<\/div>\n<\/div>\n<\/div>\n<\/div>\n<\/div>\n<\/div>\n<\/div>\n<\/div>\n<\/div>\n<\/div>\n<\/div>\n<\/div>\n<\/div>\n<\/div>\n<\/div>\n<\/div>\n<\/div>\n<\/div>\n<\/div>\n<\/div>\n<\/div>\n<p>&nbsp;<\/p>","protected":false},"excerpt":{"rendered":"<div class=\"page\" title=\"Page 3\">\n<div class=\"section\">\n<div class=\"layoutArea\">\n<div class=\"column\">\n<div class=\"page\" title=\"Page 3\">\n<div class=\"section\">\n<div class=\"layoutArea\">\n<div class=\"column\">\n<div class=\"page\" title=\"Page 3\">\n<div class=\"section\">\n<div class=\"layoutArea\">\n<div class=\"column\">\n<div class=\"page\" title=\"Page 3\">\n<div class=\"section\">\n<div class=\"layoutArea\">\n<div class=\"column\">\n<div class=\"page\" title=\"Page 4\">\n<div class=\"section\">\n<div class=\"layoutArea\">\n<div class=\"column\">\n<div class=\"page\" title=\"Page 4\">\n<div class=\"section\">\n<div class=\"layoutArea\">\n<div class=\"column\">\n<div class=\"page\" title=\"Page 4\">\n<div class=\"section\">\n<div class=\"layoutArea\">\n<div class=\"column\">\n<div class=\"page\" title=\"Page 4\">\n<div class=\"section\">\n<div class=\"layoutArea\">\n<div class=\"column\">\n<p>Eau min\u00e9rale, eau, eau chaude, eau sal\u00e9e, eau v\u00e9g\u00e9tale, eau sucr\u00e9e, eau sal\u00e9e, eau sal\u00e9e, eau sal\u00e9e, eau sal\u00e9e, eau sal\u00e9e, eau sal\u00e9e, eau sal\u00e9e, eau sal\u00e9e, eau sal\u00e9e, eau sal\u00e9e, eau sal\u00e9e, eau sal\u00e9e, eau sal\u00e9e<\/p>\n<\/div>\n<\/div>\n<\/div>\n<\/div>\n<\/div>\n<\/div>\n<\/div>\n<\/div>\n<\/div>\n<\/div>\n<\/div>\n<\/div>\n<\/div>\n<\/div>\n<\/div>\n<\/div>\n<\/div>\n<\/div>\n<\/div>\n<\/div>\n<\/div>\n<\/div>\n<\/div>\n<\/div>\n<\/div>\n<\/div>\n<\/div>\n<\/div>\n<\/div>\n<\/div>\n<\/div>\n<\/div>\n<p>&nbsp;<\/p>","protected":false},"featured_media":5577,"comment_status":"open","ping_status":"closed","template":"","meta":[],"product_brand":[],"product_cat":[15],"product_tag":[],"class_list":{"0":"post-5576","1":"product","2":"type-product","3":"status-publish","4":"has-post-thumbnail","6":"product_cat-uncategorized","8":"first","9":"instock","10":"sale","11":"taxable","12":"shipping-taxable","13":"purchasable","14":"product-type-simple"},"yoast_head":"<!-- This site is optimized with the Yoast SEO plugin v27.4 - https:\/\/yoast.com\/product\/yoast-seo-wordpress\/ -->\n<title>Simit Sandwich K\u00e4se und Oliven 125g - Konak Bakery \/ E-Backwaren GmbH<\/title>\n<meta name=\"robots\" content=\"index, follow, max-snippet:-1, max-image-preview:large, max-video-preview:-1\" \/>\n<link rel=\"canonical\" href=\"https:\/\/konak-bakery.de\/fr\/produkt\/simit-sandwich-kase-und-oliven-125g\/\" \/>\n<meta property=\"og:locale\" content=\"fr_FR\" \/>\n<meta property=\"og:type\" content=\"article\" \/>\n<meta property=\"og:title\" content=\"Simit Sandwich K\u00e4se und Oliven 125g - Konak Bakery \/ E-Backwaren GmbH\" \/>\n<meta property=\"og:description\" content=\"Weizenmehl, Wasser, Hefe, Salz, Pflanzeno\u0308l, Zucker, Kuhka\u0308se, Oliven                                  &nbsp;\" \/>\n<meta property=\"og:url\" content=\"https:\/\/konak-bakery.de\/fr\/produkt\/simit-sandwich-kase-und-oliven-125g\/\" \/>\n<meta property=\"og:site_name\" content=\"Konak Bakery \/ E-Backwaren GmbH\" \/>\n<meta property=\"article:publisher\" content=\"https:\/\/www.facebook.com\/Konak.Bakery\" \/>\n<meta property=\"article:modified_time\" content=\"2024-10-22T23:24:27+00:00\" \/>\n<meta property=\"og:image\" content=\"https:\/\/konak-bakery.de\/wp-content\/uploads\/2024\/10\/Panobake-010.jpg\" \/>\n\t<meta property=\"og:image:width\" content=\"1000\" \/>\n\t<meta property=\"og:image:height\" content=\"1000\" \/>\n\t<meta property=\"og:image:type\" content=\"image\/jpeg\" \/>\n<meta name=\"twitter:card\" content=\"summary_large_image\" \/>\n<meta name=\"twitter:label1\" content=\"Dur\u00e9e de lecture estim\u00e9e\" \/>\n\t<meta name=\"twitter:data1\" content=\"1 minute\" \/>\n<script type=\"application\/ld+json\" class=\"yoast-schema-graph\">{\"@context\":\"https:\\\/\\\/schema.org\",\"@graph\":[{\"@type\":\"WebPage\",\"@id\":\"https:\\\/\\\/konak-bakery.de\\\/de\\\/produkt\\\/simit-sandwich-kase-und-oliven-125g\\\/\",\"url\":\"https:\\\/\\\/konak-bakery.de\\\/de\\\/produkt\\\/simit-sandwich-kase-und-oliven-125g\\\/\",\"name\":\"Simit Sandwich K\u00e4se und Oliven 125g - Konak Bakery \\\/ E-Backwaren GmbH\",\"isPartOf\":{\"@id\":\"http:\\\/\\\/konak-bakery.de\\\/fr\\\/#website\"},\"primaryImageOfPage\":{\"@id\":\"https:\\\/\\\/konak-bakery.de\\\/de\\\/produkt\\\/simit-sandwich-kase-und-oliven-125g\\\/#primaryimage\"},\"image\":{\"@id\":\"https:\\\/\\\/konak-bakery.de\\\/de\\\/produkt\\\/simit-sandwich-kase-und-oliven-125g\\\/#primaryimage\"},\"thumbnailUrl\":\"https:\\\/\\\/konak-bakery.de\\\/wp-content\\\/uploads\\\/2024\\\/10\\\/Panobake-010.jpg\",\"datePublished\":\"2024-10-22T23:22:14+00:00\",\"dateModified\":\"2024-10-22T23:24:27+00:00\",\"breadcrumb\":{\"@id\":\"https:\\\/\\\/konak-bakery.de\\\/de\\\/produkt\\\/simit-sandwich-kase-und-oliven-125g\\\/#breadcrumb\"},\"inLanguage\":\"fr-FR\",\"potentialAction\":[{\"@type\":\"ReadAction\",\"target\":[\"https:\\\/\\\/konak-bakery.de\\\/de\\\/produkt\\\/simit-sandwich-kase-und-oliven-125g\\\/\"]}]},{\"@type\":\"ImageObject\",\"inLanguage\":\"fr-FR\",\"@id\":\"https:\\\/\\\/konak-bakery.de\\\/de\\\/produkt\\\/simit-sandwich-kase-und-oliven-125g\\\/#primaryimage\",\"url\":\"https:\\\/\\\/konak-bakery.de\\\/wp-content\\\/uploads\\\/2024\\\/10\\\/Panobake-010.jpg\",\"contentUrl\":\"https:\\\/\\\/konak-bakery.de\\\/wp-content\\\/uploads\\\/2024\\\/10\\\/Panobake-010.jpg\",\"width\":1000,\"height\":1000},{\"@type\":\"BreadcrumbList\",\"@id\":\"https:\\\/\\\/konak-bakery.de\\\/de\\\/produkt\\\/simit-sandwich-kase-und-oliven-125g\\\/#breadcrumb\",\"itemListElement\":[{\"@type\":\"ListItem\",\"position\":1,\"name\":\"Home\",\"item\":\"http:\\\/\\\/konak-bakery.de\\\/fr\\\/\"},{\"@type\":\"ListItem\",\"position\":2,\"name\":\"Shop\",\"item\":\"https:\\\/\\\/konak-bakery.de\\\/fr\\\/shop\\\/\"},{\"@type\":\"ListItem\",\"position\":3,\"name\":\"Simit Sandwich K\u00e4se und Oliven 125g\"}]},{\"@type\":\"WebSite\",\"@id\":\"http:\\\/\\\/konak-bakery.de\\\/fr\\\/#website\",\"url\":\"http:\\\/\\\/konak-bakery.de\\\/fr\\\/\",\"name\":\"Konak Bakery\",\"description\":\"T\u00dcRKISCHE BACKWAREN\",\"publisher\":{\"@id\":\"http:\\\/\\\/konak-bakery.de\\\/fr\\\/#organization\"},\"alternateName\":\"T\u00dcRKISCHE BACKWAREN\",\"potentialAction\":[{\"@type\":\"SearchAction\",\"target\":{\"@type\":\"EntryPoint\",\"urlTemplate\":\"http:\\\/\\\/konak-bakery.de\\\/fr\\\/?s={search_term_string}\"},\"query-input\":{\"@type\":\"PropertyValueSpecification\",\"valueRequired\":true,\"valueName\":\"search_term_string\"}}],\"inLanguage\":\"fr-FR\"},{\"@type\":\"Organization\",\"@id\":\"http:\\\/\\\/konak-bakery.de\\\/fr\\\/#organization\",\"name\":\"Konak Bakery\",\"url\":\"http:\\\/\\\/konak-bakery.de\\\/fr\\\/\",\"logo\":{\"@type\":\"ImageObject\",\"inLanguage\":\"fr-FR\",\"@id\":\"http:\\\/\\\/konak-bakery.de\\\/fr\\\/#\\\/schema\\\/logo\\\/image\\\/\",\"url\":\"https:\\\/\\\/konak-bakery.de\\\/wp-content\\\/uploads\\\/2023\\\/09\\\/Color-logo-with-background.png\",\"contentUrl\":\"https:\\\/\\\/konak-bakery.de\\\/wp-content\\\/uploads\\\/2023\\\/09\\\/Color-logo-with-background.png\",\"width\":2485,\"height\":3185,\"caption\":\"Konak Bakery\"},\"image\":{\"@id\":\"http:\\\/\\\/konak-bakery.de\\\/fr\\\/#\\\/schema\\\/logo\\\/image\\\/\"},\"sameAs\":[\"https:\\\/\\\/www.facebook.com\\\/Konak.Bakery\",\"https:\\\/\\\/www.instagram.com\\\/konakbakery\\\/\"]}]}<\/script>\n<!-- \/ Yoast SEO plugin. -->","yoast_head_json":{"title":"Simit Sandwich K\u00e4se und Oliven 125g - Konak Bakery \/ E-Backwaren GmbH","robots":{"index":"index","follow":"follow","max-snippet":"max-snippet:-1","max-image-preview":"max-image-preview:large","max-video-preview":"max-video-preview:-1"},"canonical":"https:\/\/konak-bakery.de\/fr\/produkt\/simit-sandwich-kase-und-oliven-125g\/","og_locale":"fr_FR","og_type":"article","og_title":"Simit Sandwich K\u00e4se und Oliven 125g - Konak Bakery \/ E-Backwaren GmbH","og_description":"Weizenmehl, Wasser, Hefe, Salz, Pflanzeno\u0308l, Zucker, Kuhka\u0308se, Oliven                                  &nbsp;","og_url":"https:\/\/konak-bakery.de\/fr\/produkt\/simit-sandwich-kase-und-oliven-125g\/","og_site_name":"Konak Bakery \/ E-Backwaren GmbH","article_publisher":"https:\/\/www.facebook.com\/Konak.Bakery","article_modified_time":"2024-10-22T23:24:27+00:00","og_image":[{"width":1000,"height":1000,"url":"https:\/\/konak-bakery.de\/wp-content\/uploads\/2024\/10\/Panobake-010.jpg","type":"image\/jpeg"}],"twitter_card":"summary_large_image","twitter_misc":{"Dur\u00e9e de lecture estim\u00e9e":"1 minute"},"schema":{"@context":"https:\/\/schema.org","@graph":[{"@type":"WebPage","@id":"https:\/\/konak-bakery.de\/de\/produkt\/simit-sandwich-kase-und-oliven-125g\/","url":"https:\/\/konak-bakery.de\/de\/produkt\/simit-sandwich-kase-und-oliven-125g\/","name":"Simit Sandwich K\u00e4se und Oliven 125g - Konak Bakery \/ E-Backwaren GmbH","isPartOf":{"@id":"http:\/\/konak-bakery.de\/fr\/#website"},"primaryImageOfPage":{"@id":"https:\/\/konak-bakery.de\/de\/produkt\/simit-sandwich-kase-und-oliven-125g\/#primaryimage"},"image":{"@id":"https:\/\/konak-bakery.de\/de\/produkt\/simit-sandwich-kase-und-oliven-125g\/#primaryimage"},"thumbnailUrl":"https:\/\/konak-bakery.de\/wp-content\/uploads\/2024\/10\/Panobake-010.jpg","datePublished":"2024-10-22T23:22:14+00:00","dateModified":"2024-10-22T23:24:27+00:00","breadcrumb":{"@id":"https:\/\/konak-bakery.de\/de\/produkt\/simit-sandwich-kase-und-oliven-125g\/#breadcrumb"},"inLanguage":"fr-FR","potentialAction":[{"@type":"ReadAction","target":["https:\/\/konak-bakery.de\/de\/produkt\/simit-sandwich-kase-und-oliven-125g\/"]}]},{"@type":"ImageObject","inLanguage":"fr-FR","@id":"https:\/\/konak-bakery.de\/de\/produkt\/simit-sandwich-kase-und-oliven-125g\/#primaryimage","url":"https:\/\/konak-bakery.de\/wp-content\/uploads\/2024\/10\/Panobake-010.jpg","contentUrl":"https:\/\/konak-bakery.de\/wp-content\/uploads\/2024\/10\/Panobake-010.jpg","width":1000,"height":1000},{"@type":"BreadcrumbList","@id":"https:\/\/konak-bakery.de\/de\/produkt\/simit-sandwich-kase-und-oliven-125g\/#breadcrumb","itemListElement":[{"@type":"ListItem","position":1,"name":"Home","item":"http:\/\/konak-bakery.de\/fr\/"},{"@type":"ListItem","position":2,"name":"Shop","item":"https:\/\/konak-bakery.de\/fr\/shop\/"},{"@type":"ListItem","position":3,"name":"Simit Sandwich K\u00e4se und Oliven 125g"}]},{"@type":"WebSite","@id":"http:\/\/konak-bakery.de\/fr\/#website","url":"http:\/\/konak-bakery.de\/fr\/","name":"Boulangerie Konak","description":"T\u00dcRKISCHE BACKWAREN","publisher":{"@id":"http:\/\/konak-bakery.de\/fr\/#organization"},"alternateName":"T\u00dcRKISCHE BACKWAREN","potentialAction":[{"@type":"SearchAction","target":{"@type":"EntryPoint","urlTemplate":"http:\/\/konak-bakery.de\/fr\/?s={search_term_string}"},"query-input":{"@type":"PropertyValueSpecification","valueRequired":true,"valueName":"search_term_string"}}],"inLanguage":"fr-FR"},{"@type":"Organization","@id":"http:\/\/konak-bakery.de\/fr\/#organization","name":"Boulangerie Konak","url":"http:\/\/konak-bakery.de\/fr\/","logo":{"@type":"ImageObject","inLanguage":"fr-FR","@id":"http:\/\/konak-bakery.de\/fr\/#\/schema\/logo\/image\/","url":"https:\/\/konak-bakery.de\/wp-content\/uploads\/2023\/09\/Color-logo-with-background.png","contentUrl":"https:\/\/konak-bakery.de\/wp-content\/uploads\/2023\/09\/Color-logo-with-background.png","width":2485,"height":3185,"caption":"Konak Bakery"},"image":{"@id":"http:\/\/konak-bakery.de\/fr\/#\/schema\/logo\/image\/"},"sameAs":["https:\/\/www.facebook.com\/Konak.Bakery","https:\/\/www.instagram.com\/konakbakery\/"]}]}},"jetpack_sharing_enabled":true,"_links":{"self":[{"href":"https:\/\/konak-bakery.de\/fr\/wp-json\/wp\/v2\/product\/5576","targetHints":{"allow":["GET"]}}],"collection":[{"href":"https:\/\/konak-bakery.de\/fr\/wp-json\/wp\/v2\/product"}],"about":[{"href":"https:\/\/konak-bakery.de\/fr\/wp-json\/wp\/v2\/types\/product"}],"replies":[{"embeddable":true,"href":"https:\/\/konak-bakery.de\/fr\/wp-json\/wp\/v2\/comments?post=5576"}],"wp:featuredmedia":[{"embeddable":true,"href":"https:\/\/konak-bakery.de\/fr\/wp-json\/wp\/v2\/media\/5577"}],"wp:attachment":[{"href":"https:\/\/konak-bakery.de\/fr\/wp-json\/wp\/v2\/media?parent=5576"}],"wp:term":[{"taxonomy":"product_brand","embeddable":true,"href":"https:\/\/konak-bakery.de\/fr\/wp-json\/wp\/v2\/product_brand?post=5576"},{"taxonomy":"product_cat","embeddable":true,"href":"https:\/\/konak-bakery.de\/fr\/wp-json\/wp\/v2\/product_cat?post=5576"},{"taxonomy":"product_tag","embeddable":true,"href":"https:\/\/konak-bakery.de\/fr\/wp-json\/wp\/v2\/product_tag?post=5576"}],"curies":[{"name":"wp","href":"https:\/\/api.w.org\/{rel}","templated":true}]}}