{"id":1208,"date":"2021-08-12T21:20:48","date_gmt":"2021-08-12T21:20:48","guid":{"rendered":"https:\/\/baker.la-studioweb.com\/?page_id=1208"},"modified":"2023-09-07T20:02:14","modified_gmt":"2023-09-07T20:02:14","slug":"our-history","status":"publish","type":"page","link":"http:\/\/konak-bakery.de\/fr\/our-history\/","title":{"rendered":"Notre histoire"},"content":{"rendered":"\t\t<div data-elementor-type=\"wp-page\" data-elementor-id=\"1208\" class=\"elementor elementor-1208\">\n\t\t\t\t\t\t<section class=\"elementor-section elementor-top-section elementor-element elementor-element-c5026d9 elementor-section-boxed elementor-section-height-default elementor-section-height-default e-parent\" data-id=\"c5026d9\" data-element_type=\"section\" data-e-type=\"section\" data-settings=\"{&quot;background_background&quot;:&quot;classic&quot;,&quot;background_motion_fx_motion_fx_scrolling&quot;:&quot;yes&quot;,&quot;background_motion_fx_translateY_effect&quot;:&quot;yes&quot;,&quot;background_motion_fx_translateY_speed&quot;:{&quot;unit&quot;:&quot;px&quot;,&quot;size&quot;:3,&quot;sizes&quot;:[]},&quot;background_motion_fx_translateY_affectedRange&quot;:{&quot;unit&quot;:&quot;%&quot;,&quot;size&quot;:&quot;&quot;,&quot;sizes&quot;:{&quot;start&quot;:20,&quot;end&quot;:80}},&quot;background_motion_fx_devices&quot;:[&quot;mobile&quot;,&quot;mobile_extra&quot;,&quot;tablet&quot;,&quot;laptop&quot;,&quot;desktop&quot;]}\">\n\t\t\t\t\t\t\t<div class=\"elementor-background-overlay\"><\/div>\n\t\t\t\t\t\t\t<div class=\"elementor-container elementor-column-gap-no\">\n\t\t\t\t\t<div class=\"elementor-column elementor-col-100 elementor-top-column elementor-element elementor-element-496bfb9 lakit-col-width-auto-no\" data-id=\"496bfb9\" data-element_type=\"column\" data-e-type=\"column\">\n\t\t\t<div class=\"elementor-widget-wrap elementor-element-populated\">\n\t\t\t\t\t\t<div class=\"elementor-element elementor-element-97b47c3 elementor-widget elementor-widget-heading\" data-id=\"97b47c3\" data-element_type=\"widget\" data-e-type=\"widget\" data-widget_type=\"heading.default\">\n\t\t\t\t<div class=\"elementor-widget-container\">\n\t\t\t\t\t<h1 class=\"elementor-heading-title elementor-size-default\">Our History<\/h1>\t\t\t\t<\/div>\n\t\t\t\t<\/div>\n\t\t\t\t<div class=\"elementor-element elementor-element-7a1d234 lakit-breadcrumbs-align-center elementor-widget lastudio-kit elementor-lakit-breadcrumbs\" data-id=\"7a1d234\" data-element_type=\"widget\" data-e-type=\"widget\" data-widget_type=\"lakit-breadcrumbs.default\">\n\t\t\t\t\t\n\t\t<div class=\"lakit-breadcrumbs\">\n\t\t<div class=\"lakit-breadcrumbs__content\">\n\t\t<div class=\"lakit-breadcrumbs__wrap\"><div class=\"lakit-breadcrumbs__item\"><a href=\"http:\/\/konak-bakery.de\/fr\/\" class=\"lakit-breadcrumbs__item-link is-home\" rel=\"home\" title=\"Home\">Home<\/a><\/div>\n\t\t<\/div>\n\t\t<\/div>\n\t\t<\/div>\t\t\t\t<\/div>\n\t\t\t\t\t<\/div>\n\t\t<\/div>\n\t\t\t\t\t<\/div>\n\t\t<\/section>\n\t\t\t\t<section class=\"elementor-section elementor-top-section elementor-element elementor-element-58e9c76 elementor-section-boxed elementor-section-height-default elementor-section-height-default e-parent\" data-id=\"58e9c76\" data-element_type=\"section\" data-e-type=\"section\">\n\t\t\t\t\t\t<div class=\"elementor-container elementor-column-gap-no\">\n\t\t\t\t\t<div class=\"elementor-column elementor-col-100 elementor-top-column elementor-element elementor-element-a11b7b0 lakit-col-width-auto-no\" data-id=\"a11b7b0\" data-element_type=\"column\" data-e-type=\"column\">\n\t\t\t<div class=\"elementor-widget-wrap elementor-element-populated\">\n\t\t\t\t\t\t<div class=\"elementor-element elementor-element-a6957ee elementor-widget elementor-widget-spacer\" data-id=\"a6957ee\" data-element_type=\"widget\" data-e-type=\"widget\" data-widget_type=\"spacer.default\">\n\t\t\t\t<div class=\"elementor-widget-container\">\n\t\t\t\t\t\t\t<div class=\"elementor-spacer\">\n\t\t\t<div class=\"elementor-spacer-inner\"><\/div>\n\t\t<\/div>\n\t\t\t\t\t\t<\/div>\n\t\t\t\t<\/div>\n\t\t\t\t<div class=\"elementor-element elementor-element-76be560 elementor-widget elementor-widget-heading\" data-id=\"76be560\" data-element_type=\"widget\" data-e-type=\"widget\" data-widget_type=\"heading.default\">\n\t\t\t\t<div class=\"elementor-widget-container\">\n\t\t\t\t\t<h2 class=\"elementor-heading-title elementor-size-default\">Simit \u2013 der t\u00fcrkische Sesamkringel\n<\/h2>\t\t\t\t<\/div>\n\t\t\t\t<\/div>\n\t\t\t\t<div class=\"elementor-element elementor-element-d3a6d74 elementor-widget elementor-widget-text-editor\" data-id=\"d3a6d74\" data-element_type=\"widget\" data-e-type=\"widget\" data-widget_type=\"text-editor.default\">\n\t\t\t\t<div class=\"elementor-widget-container\">\n\t\t\t\t\t\t\t\t\t<p><strong><em>Simit<\/em>\u00a0ist ein ringf\u00f6rmiger Sesamkringel aus Hefeteig mit Sesamk\u00f6rnern auf einer goldbraunen Kruste. Seine Urspr\u00fcnge gehen etwa 500 Jahre zur\u00fcck ins Osmanische Reich. Damals wurde das Geb\u00e4ck auch im Balkan stark verbreitet. So hei\u00dft der Sesamkringel in Griechenland\u00a0\u00a0<em>Koulouri<\/em>, in Bulgarien und Mazedonien nennt man ihn\u00a0<em>Gewrek\u00a0<\/em>und in Serbien hei\u00dft er\u00a0<em>\u0110evrek<\/em>. In der Region Izmir ist der t\u00fcrkische Simit auch als\u00a0<em>Gevrek\u00a0<\/em>bekannt, was wortw\u00f6rtlich \u201eknusprig\u201c hei\u00dft.<\/strong><\/p><p>Auf den Istanbuler Stra\u00dfen ist der Simit neben den B\u00e4ckereien vor allem noch wie fr\u00fcher bei mobilen Simitverk\u00e4ufern t\u00e4glich frisch zu kaufen und ein sehr beliebter Snack zu jeder Tageszeit: Morgens auf dem Weg zur Arbeit, f\u00fcr die \u00dcberfahrt auf dem Schiff von Asien nach Europa, zu einem Glas\u00a0<a title=\"\u00c7ay \u2013 das Lieblingsgetr\u00e4nk der Istanbuler\" href=\"https:\/\/istanbul-tourist-information.com\/cay-das-lieblingsgetrank-der-istanbuler\">\u00c7ay<\/a>\u00a0oder beim Fr\u00fchst\u00fcck mit K\u00e4se und Oliven. Sein originaler Geschmack ist zu erkennen, wenn er leicht s\u00fc\u00df schmeckt, innen nicht zu weich und au\u00dfen nicht zu trocken ist.<\/p><p>Simit ist die t\u00fcrkische Antwort auf die deutsche Brezel und so waren sie zu der Zeit der Osmanen sogar im Fastenmonat Ramadan eine Ersatzmahlzeit der Soldaten, w\u00e4hrend sie nach Sonnenuntergang Dienst hatten.<\/p><p>Inzwischen gibt es die Kringel in den verschiedensten Variationen, vom belegten Bagel bis hin als Simittasche gef\u00fcllt mit Oliven oder K\u00e4se<\/p>\t\t\t\t\t\t\t\t<\/div>\n\t\t\t\t<\/div>\n\t\t\t\t<div class=\"elementor-element elementor-element-b52d8fb elementor-widget elementor-widget-spacer\" data-id=\"b52d8fb\" data-element_type=\"widget\" data-e-type=\"widget\" data-widget_type=\"spacer.default\">\n\t\t\t\t<div class=\"elementor-widget-container\">\n\t\t\t\t\t\t\t<div class=\"elementor-spacer\">\n\t\t\t<div class=\"elementor-spacer-inner\"><\/div>\n\t\t<\/div>\n\t\t\t\t\t\t<\/div>\n\t\t\t\t<\/div>\n\t\t\t\t<div class=\"elementor-element elementor-element-8e0f36c elementor-widget elementor-widget-image\" data-id=\"8e0f36c\" data-element_type=\"widget\" data-e-type=\"widget\" data-widget_type=\"image.default\">\n\t\t\t\t<div class=\"elementor-widget-container\">\n\t\t\t\t\t\t\t\t\t\t\t\t\t\t\t<img fetchpriority=\"high\" decoding=\"async\" width=\"1014\" height=\"678\" src=\"http:\/\/konak-bakery.de\/wp-content\/uploads\/2023\/09\/Screen-Shot-2023-09-04-at-00.20.41.png\" class=\"attachment-large size-large wp-image-3619\" alt=\"\" srcset=\"http:\/\/konak-bakery.de\/wp-content\/uploads\/2023\/09\/Screen-Shot-2023-09-04-at-00.20.41.png 1014w, http:\/\/konak-bakery.de\/wp-content\/uploads\/2023\/09\/Screen-Shot-2023-09-04-at-00.20.41-400x267.png 400w, http:\/\/konak-bakery.de\/wp-content\/uploads\/2023\/09\/Screen-Shot-2023-09-04-at-00.20.41-600x401.png 600w, http:\/\/konak-bakery.de\/wp-content\/uploads\/2023\/09\/Screen-Shot-2023-09-04-at-00.20.41-800x535.png 800w\" sizes=\"(max-width: 1014px) 100vw, 1014px\" \/>\t\t\t\t\t\t\t\t\t\t\t\t\t\t\t<\/div>\n\t\t\t\t<\/div>\n\t\t\t\t\t<\/div>\n\t\t<\/div>\n\t\t\t\t\t<\/div>\n\t\t<\/section>\n\t\t\t\t<\/div>\n\t\t","protected":false},"excerpt":{"rendered":"<p>Our History Home Simit \u2013 der t\u00fcrkische Sesamkringel Simit\u00a0ist ein ringf\u00f6rmiger Sesamkringel aus Hefeteig mit Sesamk\u00f6rnern auf einer goldbraunen Kruste. [&hellip;]<\/p>\n","protected":false},"author":1,"featured_media":0,"parent":0,"menu_order":0,"comment_status":"closed","ping_status":"closed","template":"","meta":{"footnotes":""},"class_list":["post-1208","page","type-page","status-publish","hentry"],"yoast_head":"<!-- This site is optimized with the Yoast SEO plugin v27.4 - https:\/\/yoast.com\/product\/yoast-seo-wordpress\/ -->\n<title>Our History - Konak Bakery \/ E-Backwaren GmbH<\/title>\n<meta name=\"robots\" content=\"index, follow, max-snippet:-1, max-image-preview:large, max-video-preview:-1\" \/>\n<link rel=\"canonical\" href=\"http:\/\/konak-bakery.de\/fr\/our-history\/\" \/>\n<meta property=\"og:locale\" content=\"fr_FR\" \/>\n<meta property=\"og:type\" content=\"article\" \/>\n<meta property=\"og:title\" content=\"Our History - Konak Bakery \/ E-Backwaren GmbH\" \/>\n<meta property=\"og:description\" content=\"Our History Home Simit \u2013 der t\u00fcrkische Sesamkringel Simit\u00a0ist ein ringf\u00f6rmiger Sesamkringel aus Hefeteig mit Sesamk\u00f6rnern auf einer goldbraunen Kruste. [&hellip;]\" \/>\n<meta property=\"og:url\" content=\"http:\/\/konak-bakery.de\/fr\/our-history\/\" \/>\n<meta property=\"og:site_name\" content=\"Konak Bakery \/ E-Backwaren GmbH\" \/>\n<meta property=\"article:publisher\" content=\"https:\/\/www.facebook.com\/Konak.Bakery\" \/>\n<meta property=\"article:modified_time\" content=\"2023-09-07T20:02:14+00:00\" \/>\n<meta property=\"og:image\" content=\"http:\/\/konak-bakery.de\/wp-content\/uploads\/2023\/09\/Screen-Shot-2023-09-04-at-00.20.41.png\" \/>\n<meta name=\"twitter:card\" content=\"summary_large_image\" \/>\n<meta name=\"twitter:label1\" content=\"Dur\u00e9e de lecture estim\u00e9e\" \/>\n\t<meta name=\"twitter:data1\" content=\"1 minute\" \/>\n<script type=\"application\/ld+json\" class=\"yoast-schema-graph\">{\"@context\":\"https:\\\/\\\/schema.org\",\"@graph\":[{\"@type\":\"WebPage\",\"@id\":\"http:\\\/\\\/konak-bakery.de\\\/fr\\\/our-history\\\/\",\"url\":\"http:\\\/\\\/konak-bakery.de\\\/fr\\\/our-history\\\/\",\"name\":\"Our History - Konak Bakery \\\/ E-Backwaren GmbH\",\"isPartOf\":{\"@id\":\"https:\\\/\\\/konak-bakery.de\\\/#website\"},\"primaryImageOfPage\":{\"@id\":\"http:\\\/\\\/konak-bakery.de\\\/fr\\\/our-history\\\/#primaryimage\"},\"image\":{\"@id\":\"http:\\\/\\\/konak-bakery.de\\\/fr\\\/our-history\\\/#primaryimage\"},\"thumbnailUrl\":\"http:\\\/\\\/konak-bakery.de\\\/wp-content\\\/uploads\\\/2023\\\/09\\\/Screen-Shot-2023-09-04-at-00.20.41.png\",\"datePublished\":\"2021-08-12T21:20:48+00:00\",\"dateModified\":\"2023-09-07T20:02:14+00:00\",\"breadcrumb\":{\"@id\":\"http:\\\/\\\/konak-bakery.de\\\/fr\\\/our-history\\\/#breadcrumb\"},\"inLanguage\":\"fr-FR\",\"potentialAction\":[{\"@type\":\"ReadAction\",\"target\":[\"http:\\\/\\\/konak-bakery.de\\\/fr\\\/our-history\\\/\"]}]},{\"@type\":\"ImageObject\",\"inLanguage\":\"fr-FR\",\"@id\":\"http:\\\/\\\/konak-bakery.de\\\/fr\\\/our-history\\\/#primaryimage\",\"url\":\"http:\\\/\\\/konak-bakery.de\\\/wp-content\\\/uploads\\\/2023\\\/09\\\/Screen-Shot-2023-09-04-at-00.20.41.png\",\"contentUrl\":\"http:\\\/\\\/konak-bakery.de\\\/wp-content\\\/uploads\\\/2023\\\/09\\\/Screen-Shot-2023-09-04-at-00.20.41.png\"},{\"@type\":\"BreadcrumbList\",\"@id\":\"http:\\\/\\\/konak-bakery.de\\\/fr\\\/our-history\\\/#breadcrumb\",\"itemListElement\":[{\"@type\":\"ListItem\",\"position\":1,\"name\":\"Home\",\"item\":\"https:\\\/\\\/konak-bakery.de\\\/\"},{\"@type\":\"ListItem\",\"position\":2,\"name\":\"Our History\"}]},{\"@type\":\"WebSite\",\"@id\":\"https:\\\/\\\/konak-bakery.de\\\/#website\",\"url\":\"https:\\\/\\\/konak-bakery.de\\\/\",\"name\":\"Konak Bakery\",\"description\":\"T\u00dcRKISCHE BACKWAREN\",\"publisher\":{\"@id\":\"https:\\\/\\\/konak-bakery.de\\\/#organization\"},\"alternateName\":\"T\u00dcRKISCHE BACKWAREN\",\"potentialAction\":[{\"@type\":\"SearchAction\",\"target\":{\"@type\":\"EntryPoint\",\"urlTemplate\":\"https:\\\/\\\/konak-bakery.de\\\/?s={search_term_string}\"},\"query-input\":{\"@type\":\"PropertyValueSpecification\",\"valueRequired\":true,\"valueName\":\"search_term_string\"}}],\"inLanguage\":\"fr-FR\"},{\"@type\":\"Organization\",\"@id\":\"https:\\\/\\\/konak-bakery.de\\\/#organization\",\"name\":\"Konak Bakery\",\"url\":\"https:\\\/\\\/konak-bakery.de\\\/\",\"logo\":{\"@type\":\"ImageObject\",\"inLanguage\":\"fr-FR\",\"@id\":\"https:\\\/\\\/konak-bakery.de\\\/#\\\/schema\\\/logo\\\/image\\\/\",\"url\":\"http:\\\/\\\/konak-bakery.de\\\/wp-content\\\/uploads\\\/2023\\\/09\\\/Color-logo-with-background.png\",\"contentUrl\":\"http:\\\/\\\/konak-bakery.de\\\/wp-content\\\/uploads\\\/2023\\\/09\\\/Color-logo-with-background.png\",\"width\":2485,\"height\":3185,\"caption\":\"Konak Bakery\"},\"image\":{\"@id\":\"https:\\\/\\\/konak-bakery.de\\\/#\\\/schema\\\/logo\\\/image\\\/\"},\"sameAs\":[\"https:\\\/\\\/www.facebook.com\\\/Konak.Bakery\",\"https:\\\/\\\/www.instagram.com\\\/konakbakery\\\/\"]}]}<\/script>\n<!-- \/ Yoast SEO plugin. -->","yoast_head_json":{"title":"Our History - Konak Bakery \/ E-Backwaren GmbH","robots":{"index":"index","follow":"follow","max-snippet":"max-snippet:-1","max-image-preview":"max-image-preview:large","max-video-preview":"max-video-preview:-1"},"canonical":"http:\/\/konak-bakery.de\/fr\/our-history\/","og_locale":"fr_FR","og_type":"article","og_title":"Our History - Konak Bakery \/ E-Backwaren GmbH","og_description":"Our History Home Simit \u2013 der t\u00fcrkische Sesamkringel Simit\u00a0ist ein ringf\u00f6rmiger Sesamkringel aus Hefeteig mit Sesamk\u00f6rnern auf einer goldbraunen Kruste. [&hellip;]","og_url":"http:\/\/konak-bakery.de\/fr\/our-history\/","og_site_name":"Konak Bakery \/ E-Backwaren GmbH","article_publisher":"https:\/\/www.facebook.com\/Konak.Bakery","article_modified_time":"2023-09-07T20:02:14+00:00","og_image":[{"url":"http:\/\/konak-bakery.de\/wp-content\/uploads\/2023\/09\/Screen-Shot-2023-09-04-at-00.20.41.png","type":"","width":"","height":""}],"twitter_card":"summary_large_image","twitter_misc":{"Dur\u00e9e de lecture estim\u00e9e":"1 minute"},"schema":{"@context":"https:\/\/schema.org","@graph":[{"@type":"WebPage","@id":"http:\/\/konak-bakery.de\/fr\/our-history\/","url":"http:\/\/konak-bakery.de\/fr\/our-history\/","name":"Our History - Konak Bakery \/ E-Backwaren GmbH","isPartOf":{"@id":"https:\/\/konak-bakery.de\/#website"},"primaryImageOfPage":{"@id":"http:\/\/konak-bakery.de\/fr\/our-history\/#primaryimage"},"image":{"@id":"http:\/\/konak-bakery.de\/fr\/our-history\/#primaryimage"},"thumbnailUrl":"http:\/\/konak-bakery.de\/wp-content\/uploads\/2023\/09\/Screen-Shot-2023-09-04-at-00.20.41.png","datePublished":"2021-08-12T21:20:48+00:00","dateModified":"2023-09-07T20:02:14+00:00","breadcrumb":{"@id":"http:\/\/konak-bakery.de\/fr\/our-history\/#breadcrumb"},"inLanguage":"fr-FR","potentialAction":[{"@type":"ReadAction","target":["http:\/\/konak-bakery.de\/fr\/our-history\/"]}]},{"@type":"ImageObject","inLanguage":"fr-FR","@id":"http:\/\/konak-bakery.de\/fr\/our-history\/#primaryimage","url":"http:\/\/konak-bakery.de\/wp-content\/uploads\/2023\/09\/Screen-Shot-2023-09-04-at-00.20.41.png","contentUrl":"http:\/\/konak-bakery.de\/wp-content\/uploads\/2023\/09\/Screen-Shot-2023-09-04-at-00.20.41.png"},{"@type":"BreadcrumbList","@id":"http:\/\/konak-bakery.de\/fr\/our-history\/#breadcrumb","itemListElement":[{"@type":"ListItem","position":1,"name":"Home","item":"https:\/\/konak-bakery.de\/"},{"@type":"ListItem","position":2,"name":"Our History"}]},{"@type":"WebSite","@id":"https:\/\/konak-bakery.de\/#website","url":"https:\/\/konak-bakery.de\/","name":"Boulangerie Konak","description":"T\u00dcRKISCHE BACKWAREN","publisher":{"@id":"https:\/\/konak-bakery.de\/#organization"},"alternateName":"T\u00dcRKISCHE BACKWAREN","potentialAction":[{"@type":"SearchAction","target":{"@type":"EntryPoint","urlTemplate":"https:\/\/konak-bakery.de\/?s={search_term_string}"},"query-input":{"@type":"PropertyValueSpecification","valueRequired":true,"valueName":"search_term_string"}}],"inLanguage":"fr-FR"},{"@type":"Organization","@id":"https:\/\/konak-bakery.de\/#organization","name":"Boulangerie Konak","url":"https:\/\/konak-bakery.de\/","logo":{"@type":"ImageObject","inLanguage":"fr-FR","@id":"https:\/\/konak-bakery.de\/#\/schema\/logo\/image\/","url":"http:\/\/konak-bakery.de\/wp-content\/uploads\/2023\/09\/Color-logo-with-background.png","contentUrl":"http:\/\/konak-bakery.de\/wp-content\/uploads\/2023\/09\/Color-logo-with-background.png","width":2485,"height":3185,"caption":"Konak Bakery"},"image":{"@id":"https:\/\/konak-bakery.de\/#\/schema\/logo\/image\/"},"sameAs":["https:\/\/www.facebook.com\/Konak.Bakery","https:\/\/www.instagram.com\/konakbakery\/"]}]}},"jetpack_sharing_enabled":true,"_links":{"self":[{"href":"http:\/\/konak-bakery.de\/fr\/wp-json\/wp\/v2\/pages\/1208","targetHints":{"allow":["GET"]}}],"collection":[{"href":"http:\/\/konak-bakery.de\/fr\/wp-json\/wp\/v2\/pages"}],"about":[{"href":"http:\/\/konak-bakery.de\/fr\/wp-json\/wp\/v2\/types\/page"}],"author":[{"embeddable":true,"href":"http:\/\/konak-bakery.de\/fr\/wp-json\/wp\/v2\/users\/1"}],"replies":[{"embeddable":true,"href":"http:\/\/konak-bakery.de\/fr\/wp-json\/wp\/v2\/comments?post=1208"}],"version-history":[{"count":7,"href":"http:\/\/konak-bakery.de\/fr\/wp-json\/wp\/v2\/pages\/1208\/revisions"}],"predecessor-version":[{"id":3997,"href":"http:\/\/konak-bakery.de\/fr\/wp-json\/wp\/v2\/pages\/1208\/revisions\/3997"}],"wp:attachment":[{"href":"http:\/\/konak-bakery.de\/fr\/wp-json\/wp\/v2\/media?parent=1208"}],"curies":[{"name":"wp","href":"https:\/\/api.w.org\/{rel}","templated":true}]}}